{"id":20,"date":"2019-11-01T18:01:03","date_gmt":"2019-11-01T17:01:03","guid":{"rendered":"https:\/\/www.fern.dk\/?page_id=20"},"modified":"2023-11-05T21:02:38","modified_gmt":"2023-11-05T20:02:38","slug":"hvorfor-fern","status":"publish","type":"page","link":"https:\/\/www.fern.dk\/?page_id=20","title":{"rendered":"Hvorfor &#8216;fern&#8217;"},"content":{"rendered":"\n<p>Jeg har haft  mit eget dom\u00e6ne &#8216;fern.dk&#8217; siden 1. april 1998. Da jeg skulle v\u00e6lge dom\u00e6nenavn, var det sv\u00e6rt for mig at finde et passende navn, men endte alts\u00e5 med at v\u00e6lge &#8216;fern&#8217;. Jeg boede (og bor) p\u00e5 Bregner\u00f8dvej i Birker\u00f8d, s\u00e5 &#8216;bregne&#8217; eller &#8216;bregner\u00f8d&#8217; ville v\u00e6re oplagte muligheder. &#8216;bregner\u00f8d&#8217; duede ikke, for dengang kunne man ikke bruge nationale bogstaver som \u00e6, \u00f8 og \u00e5 i dom\u00e6nenavne. Jeg var i \u00f8vrigt mest vant til at bruge engelsk i IT-sammenh\u00e6ng &#8211; overs\u00e6ttelser til dansk var der kun f\u00e5 af, og de var af meget blandet kvalitet &#8211; s\u00e5 det endte alts\u00e5 med &#8216;fern&#8217;, det engelske ord for bregne.<\/p>\n\n\n\n<p>I en tidligere version af disse sider havde jeg en l\u00e6ngere forklaring til benefice for engelske venner p\u00e5 hvorfor jeg valgte &#8216;fern&#8217; Den f\u00e5r I lige her:<\/p>\n\n\n\n<h4 class=\"wp-block-heading\">Why &#8216;fern&#8217;?<\/h4>\n\n\n\n<p>If you wonder why I chose the name &#8216;fern&#8217; for my domain, here is an explanation:<br><br>I  live in the town of Birker\u00f8d on a street called Bregner\u00f8dvej in Danish.  The suffix &#8216;vej&#8217; means &#8216;road&#8217; in English and Bregner\u00f8dvej is actually  the road that leads to the neighboring village of Bregner\u00f8d.<br><br>The  suffix &#8216;r\u00f8d&#8217; in the name &#8216;Bregner\u00f8d&#8217;. is derived from the Danish word  for a clearance in the woods (&#8216;rydning&#8217;) and has nothing to do with the  color &#8216;r\u00f8d&#8217; (red). The &#8216;bregne&#8217; part of the word is simply Danish for  the plant &#8216;fern&#8217;. So apparently the village of Bregner\u00f8d is situated at a  place that was once a clearance filled with fern.<br><br>So when I had  to choose a simple, short name for my domain and I live on Bregner\u00f8dvej,  &#8216;fern&#8217; was one of the first that came to my mind, and I ended up by  choosing it.<br><br>BTW, the suffix &#8216;r\u00f8d&#8217; is quite common here in North  Zealand, but it is usually connected with a man&#8217;s name. E.g. Birker\u00f8d  lies in what was a clearance made by a viking called Birk. &#8216;Birk&#8217; is  also the Danish name for the tree called birch, but the learned people  say that the former explanation (that it was made by a man called Birk)  is the better of the two.<br><br>City (or village) names ending in &#8216;r\u00f8d&#8217; date back to the 12th century or so.<br><\/p>\n","protected":false},"excerpt":{"rendered":"<p>Jeg har haft mit eget dom\u00e6ne &#8216;fern.dk&#8217; siden 1. april 1998. Da jeg skulle v\u00e6lge dom\u00e6nenavn, var det sv\u00e6rt for mig at finde et passende navn, men endte alts\u00e5 med at v\u00e6lge &#8216;fern&#8217;. Jeg boede (og bor) p\u00e5 Bregner\u00f8dvej i Birker\u00f8d, s\u00e5 &#8216;bregne&#8217; eller &#8216;bregner\u00f8d&#8217; ville v\u00e6re oplagte muligheder. &#8216;bregner\u00f8d&#8217;&#8230; <a class=\"continue-reading-link\" href=\"https:\/\/www.fern.dk\/?page_id=20\">L\u00e6s mere <span class=\"meta-nav\">&rarr; <\/span><\/a><\/p>\n","protected":false},"author":1,"featured_media":0,"parent":0,"menu_order":0,"comment_status":"closed","ping_status":"closed","template":"","meta":{"ngg_post_thumbnail":0,"footnotes":""},"class_list":["post-20","page","type-page","status-publish","hentry"],"_links":{"self":[{"href":"https:\/\/www.fern.dk\/index.php?rest_route=\/wp\/v2\/pages\/20","targetHints":{"allow":["GET"]}}],"collection":[{"href":"https:\/\/www.fern.dk\/index.php?rest_route=\/wp\/v2\/pages"}],"about":[{"href":"https:\/\/www.fern.dk\/index.php?rest_route=\/wp\/v2\/types\/page"}],"author":[{"embeddable":true,"href":"https:\/\/www.fern.dk\/index.php?rest_route=\/wp\/v2\/users\/1"}],"replies":[{"embeddable":true,"href":"https:\/\/www.fern.dk\/index.php?rest_route=%2Fwp%2Fv2%2Fcomments&post=20"}],"version-history":[{"count":4,"href":"https:\/\/www.fern.dk\/index.php?rest_route=\/wp\/v2\/pages\/20\/revisions"}],"predecessor-version":[{"id":89,"href":"https:\/\/www.fern.dk\/index.php?rest_route=\/wp\/v2\/pages\/20\/revisions\/89"}],"wp:attachment":[{"href":"https:\/\/www.fern.dk\/index.php?rest_route=%2Fwp%2Fv2%2Fmedia&parent=20"}],"curies":[{"name":"wp","href":"https:\/\/api.w.org\/{rel}","templated":true}]}}