{"id":2,"date":"2019-11-01T17:02:13","date_gmt":"2019-11-01T16:02:13","guid":{"rendered":"https:\/\/www.fern.dk\/?page_id=2"},"modified":"2019-11-01T17:56:09","modified_gmt":"2019-11-01T16:56:09","slug":"eksempel-side","status":"publish","type":"page","link":"https:\/\/www.fern.dk\/?page_id=2","title":{"rendered":"OZ6BL &#8211; PG\/PB &#8211; Satellite sounds"},"content":{"rendered":"\n<p>Alt stof vedr\u00f8rende mine aktiviteter som radioamat\u00f8r har f\u00e5et sin egen hjemmeside: <a href=\"https:\/\/www.oz6bl.dk\">www.oz6bl.dk<\/a> q.v.<\/p>\n\n\n\n<p>English: All material concerning my activities as an ham operator (radio amateur) has been transferred to its own web site: <a href=\"https:\/\/www.oz6bl.dk\">www.oz6bl.dk<\/a><\/p>\n","protected":false},"excerpt":{"rendered":"<p>Alt stof vedr\u00f8rende mine aktiviteter som radioamat\u00f8r har f\u00e5et sin egen hjemmeside: www.oz6bl.dk q.v. English: All material concerning my activities as an ham operator (radio amateur) has been transferred to its own web site: www.oz6bl.dk<\/p>\n","protected":false},"author":1,"featured_media":0,"parent":0,"menu_order":0,"comment_status":"closed","ping_status":"open","template":"","meta":{"ngg_post_thumbnail":0,"footnotes":""},"class_list":["post-2","page","type-page","status-publish","hentry"],"_links":{"self":[{"href":"https:\/\/www.fern.dk\/index.php?rest_route=\/wp\/v2\/pages\/2","targetHints":{"allow":["GET"]}}],"collection":[{"href":"https:\/\/www.fern.dk\/index.php?rest_route=\/wp\/v2\/pages"}],"about":[{"href":"https:\/\/www.fern.dk\/index.php?rest_route=\/wp\/v2\/types\/page"}],"author":[{"embeddable":true,"href":"https:\/\/www.fern.dk\/index.php?rest_route=\/wp\/v2\/users\/1"}],"replies":[{"embeddable":true,"href":"https:\/\/www.fern.dk\/index.php?rest_route=%2Fwp%2Fv2%2Fcomments&post=2"}],"version-history":[{"count":1,"href":"https:\/\/www.fern.dk\/index.php?rest_route=\/wp\/v2\/pages\/2\/revisions"}],"predecessor-version":[{"id":19,"href":"https:\/\/www.fern.dk\/index.php?rest_route=\/wp\/v2\/pages\/2\/revisions\/19"}],"wp:attachment":[{"href":"https:\/\/www.fern.dk\/index.php?rest_route=%2Fwp%2Fv2%2Fmedia&parent=2"}],"curies":[{"name":"wp","href":"https:\/\/api.w.org\/{rel}","templated":true}]}}